{"id":25,"date":"2023-08-16T15:32:36","date_gmt":"2023-08-16T15:32:36","guid":{"rendered":"https:\/\/www.dolmelo.com\/index\/"},"modified":"2025-01-21T22:21:49","modified_gmt":"2025-01-21T22:21:49","slug":"index","status":"publish","type":"page","link":"https:\/\/www.dolmelo.com\/en\/","title":{"rendered":"Home"},"content":{"rendered":"","protected":false},"excerpt":{"rendered":"","protected":false},"author":1,"featured_media":0,"parent":0,"menu_order":0,"comment_status":"closed","ping_status":"closed","template":"","meta":{"footnotes":""},"class_list":["post-25","page","type-page","status-publish","hentry"],"yoast_head":"<!-- This site is optimized with the Yoast SEO plugin v27.4 - https:\/\/yoast.com\/product\/yoast-seo-wordpress\/ -->\n<title>Dolmelo \u2013 Zertifizierte Dolmetscher f\u00fcr Medizin, Recht &amp; Wirtschaft in Berlin<\/title>\n<meta name=\"description\" content=\"Professionelle Dolmetscher und \u00dcbersetzer f\u00fcr Italienisch, Deutsch und Englisch in Berlin. Spezialisiert auf Medizin, Recht und Wirtschaft bieten wir pr\u00e4zise Sprachl\u00f6sungen, von Konferenzdolmetschen bis hin zu \u00dcbersetzungsdiensten. Kontaktieren Sie uns f\u00fcr zertifizierte Qualit\u00e4t und ma\u00dfgeschneiderte Betreuung\" \/>\n<meta name=\"robots\" content=\"index, follow, max-snippet:-1, max-image-preview:large, max-video-preview:-1\" \/>\n<link rel=\"canonical\" href=\"https:\/\/www.dolmelo.com\/en\/\" \/>\n<meta property=\"og:locale\" content=\"en_GB\" \/>\n<meta property=\"og:type\" content=\"article\" \/>\n<meta property=\"og:title\" content=\"Dolmelo \u2013 Zertifizierte Dolmetscher f\u00fcr Medizin, Recht &amp; Wirtschaft in Berlin\" \/>\n<meta property=\"og:description\" content=\"Professionelle Dolmetscher und \u00dcbersetzer f\u00fcr Italienisch, Deutsch und Englisch in Berlin. Spezialisiert auf Medizin, Recht und Wirtschaft bieten wir pr\u00e4zise Sprachl\u00f6sungen, von Konferenzdolmetschen bis hin zu \u00dcbersetzungsdiensten. Kontaktieren Sie uns f\u00fcr zertifizierte Qualit\u00e4t und ma\u00dfgeschneiderte Betreuung\" \/>\n<meta property=\"og:url\" content=\"https:\/\/www.dolmelo.com\/en\/\" \/>\n<meta property=\"og:site_name\" content=\"Dolmetscher und \u00dcbersetzer \u2013 Berlin und deutschlandweit\" \/>\n<meta property=\"article:modified_time\" content=\"2025-01-21T22:21:49+00:00\" \/>\n<meta name=\"twitter:card\" content=\"summary_large_image\" \/>\n<script type=\"application\/ld+json\" class=\"yoast-schema-graph\">{\"@context\":\"https:\\\/\\\/schema.org\",\"@graph\":[{\"@type\":\"WebPage\",\"@id\":\"https:\\\/\\\/www.dolmelo.com\\\/\",\"url\":\"https:\\\/\\\/www.dolmelo.com\\\/\",\"name\":\"Dolmelo \u2013 Zertifizierte Dolmetscher f\u00fcr Medizin, Recht & Wirtschaft in Berlin\",\"isPartOf\":{\"@id\":\"https:\\\/\\\/www.dolmelo.com\\\/#website\"},\"datePublished\":\"2023-08-16T15:32:36+00:00\",\"dateModified\":\"2025-01-21T22:21:49+00:00\",\"description\":\"Professionelle Dolmetscher und \u00dcbersetzer f\u00fcr Italienisch, Deutsch und Englisch in Berlin. Spezialisiert auf Medizin, Recht und Wirtschaft bieten wir pr\u00e4zise Sprachl\u00f6sungen, von Konferenzdolmetschen bis hin zu \u00dcbersetzungsdiensten. Kontaktieren Sie uns f\u00fcr zertifizierte Qualit\u00e4t und ma\u00dfgeschneiderte Betreuung\",\"breadcrumb\":{\"@id\":\"https:\\\/\\\/www.dolmelo.com\\\/#breadcrumb\"},\"inLanguage\":\"en-GB\",\"potentialAction\":[{\"@type\":\"ReadAction\",\"target\":[\"https:\\\/\\\/www.dolmelo.com\\\/\"]}]},{\"@type\":\"BreadcrumbList\",\"@id\":\"https:\\\/\\\/www.dolmelo.com\\\/#breadcrumb\",\"itemListElement\":[{\"@type\":\"ListItem\",\"position\":1,\"name\":\"Startseite\",\"item\":\"https:\\\/\\\/www.dolmelo.com\\\/\"},{\"@type\":\"ListItem\",\"position\":2,\"name\":\"Home\"}]},{\"@type\":\"WebSite\",\"@id\":\"https:\\\/\\\/www.dolmelo.com\\\/#website\",\"url\":\"https:\\\/\\\/www.dolmelo.com\\\/\",\"name\":\"Dolmetscher und \u00dcbersetzer \u2013 Berlin und deutschlandweit\",\"description\":\"Wir k\u00f6nnen mehr als dolmetschen und \u00fcbersetzen, weil wir Fremdsprachen nicht nur beherrsche, sondern auch verstehen \u2013 Berlin und deutschlandweit.\",\"publisher\":{\"@id\":\"https:\\\/\\\/www.dolmelo.com\\\/#organization\"},\"potentialAction\":[{\"@type\":\"SearchAction\",\"target\":{\"@type\":\"EntryPoint\",\"urlTemplate\":\"https:\\\/\\\/www.dolmelo.com\\\/?s={search_term_string}\"},\"query-input\":{\"@type\":\"PropertyValueSpecification\",\"valueRequired\":true,\"valueName\":\"search_term_string\"}}],\"inLanguage\":\"en-GB\"},{\"@type\":\"Organization\",\"@id\":\"https:\\\/\\\/www.dolmelo.com\\\/#organization\",\"name\":\"Dolmetscher und \u00dcbersetzer \u2013 Berlin und deutschlandweit\",\"url\":\"https:\\\/\\\/www.dolmelo.com\\\/\",\"logo\":{\"@type\":\"ImageObject\",\"inLanguage\":\"en-GB\",\"@id\":\"https:\\\/\\\/www.dolmelo.com\\\/#\\\/schema\\\/logo\\\/image\\\/\",\"url\":\"https:\\\/\\\/www.dolmelo.com\\\/wp-content\\\/uploads\\\/cropped-Dolmelo-logo-256x256-1.png\",\"contentUrl\":\"https:\\\/\\\/www.dolmelo.com\\\/wp-content\\\/uploads\\\/cropped-Dolmelo-logo-256x256-1.png\",\"width\":256,\"height\":256,\"caption\":\"Dolmetscher und \u00dcbersetzer \u2013 Berlin und deutschlandweit\"},\"image\":{\"@id\":\"https:\\\/\\\/www.dolmelo.com\\\/#\\\/schema\\\/logo\\\/image\\\/\"}}]}<\/script>\n<!-- \/ Yoast SEO plugin. -->","yoast_head_json":{"title":"Certified Interpreters in Berlin \u2013 Experts in Legal, Medical &amp; Business Fields","description":"Professional interpreters and translators for Italian, German, and English in Berlin and across Germany. Specializing in legal, medical, and business services, we deliver accurate communication tailored to your needs. Contact us for expert language solutions.","robots":{"index":"index","follow":"follow","max-snippet":"max-snippet:-1","max-image-preview":"max-image-preview:large","max-video-preview":"max-video-preview:-1"},"canonical":"https:\/\/www.dolmelo.com\/en\/","og_locale":"en_GB","og_type":"article","og_title":"Dolmelo \u2013 Zertifizierte Dolmetscher f\u00fcr Medizin, Recht & Wirtschaft in Berlin","og_description":"Professionelle Dolmetscher und \u00dcbersetzer f\u00fcr Italienisch, Deutsch und Englisch in Berlin. Spezialisiert auf Medizin, Recht und Wirtschaft bieten wir pr\u00e4zise Sprachl\u00f6sungen, von Konferenzdolmetschen bis hin zu \u00dcbersetzungsdiensten. Kontaktieren Sie uns f\u00fcr zertifizierte Qualit\u00e4t und ma\u00dfgeschneiderte Betreuung","og_url":"https:\/\/www.dolmelo.com\/en\/","og_site_name":"Dolmetscher und \u00dcbersetzer \u2013 Berlin und deutschlandweit","article_modified_time":"2025-01-21T22:21:49+00:00","twitter_card":"summary_large_image","schema":{"@context":"https:\/\/schema.org","@graph":[{"@type":"WebPage","@id":"https:\/\/www.dolmelo.com\/","url":"https:\/\/www.dolmelo.com\/","name":"Certified Interpreters in Berlin \u2013 Experts in Legal, Medical &amp; Business Fields","isPartOf":{"@id":"https:\/\/www.dolmelo.com\/#website"},"datePublished":"2023-08-16T15:32:36+00:00","dateModified":"2025-01-21T22:21:49+00:00","description":"Professional interpreters and translators for Italian, German, and English in Berlin and across Germany. Specializing in legal, medical, and business services, we deliver accurate communication tailored to your needs. Contact us for expert language solutions.","breadcrumb":{"@id":"https:\/\/www.dolmelo.com\/#breadcrumb"},"inLanguage":"en-GB","potentialAction":[{"@type":"ReadAction","target":["https:\/\/www.dolmelo.com\/"]}]},{"@type":"BreadcrumbList","@id":"https:\/\/www.dolmelo.com\/#breadcrumb","itemListElement":[{"@type":"ListItem","position":1,"name":"Startseite","item":"https:\/\/www.dolmelo.com\/"},{"@type":"ListItem","position":2,"name":"Home"}]},{"@type":"WebSite","@id":"https:\/\/www.dolmelo.com\/#website","url":"https:\/\/www.dolmelo.com\/","name":"Interpreters &amp; Translators \u2013 Berlin &amp; Nationwide Services","description":"We can do more than just interpret and translate, because we not only speak foreign languages but also understand them - in Berlin and throughout Germany.","publisher":{"@id":"https:\/\/www.dolmelo.com\/#organization"},"potentialAction":[{"@type":"SearchAction","target":{"@type":"EntryPoint","urlTemplate":"https:\/\/www.dolmelo.com\/?s={search_term_string}"},"query-input":{"@type":"PropertyValueSpecification","valueRequired":true,"valueName":"search_term_string"}}],"inLanguage":"en-GB"},{"@type":"Organization","@id":"https:\/\/www.dolmelo.com\/#organization","name":"Interpreters &amp; Translators \u2013 Berlin &amp; Nationwide Services","url":"https:\/\/www.dolmelo.com\/","logo":{"@type":"ImageObject","inLanguage":"en-GB","@id":"https:\/\/www.dolmelo.com\/#\/schema\/logo\/image\/","url":"https:\/\/www.dolmelo.com\/wp-content\/uploads\/cropped-Dolmelo-logo-256x256-1.png","contentUrl":"https:\/\/www.dolmelo.com\/wp-content\/uploads\/cropped-Dolmelo-logo-256x256-1.png","width":256,"height":256,"caption":"Dolmetscher und \u00dcbersetzer \u2013 Berlin und deutschlandweit"},"image":{"@id":"https:\/\/www.dolmelo.com\/#\/schema\/logo\/image\/"}}]}},"_links":{"self":[{"href":"https:\/\/www.dolmelo.com\/en\/wp-json\/wp\/v2\/pages\/25","targetHints":{"allow":["GET"]}}],"collection":[{"href":"https:\/\/www.dolmelo.com\/en\/wp-json\/wp\/v2\/pages"}],"about":[{"href":"https:\/\/www.dolmelo.com\/en\/wp-json\/wp\/v2\/types\/page"}],"author":[{"embeddable":true,"href":"https:\/\/www.dolmelo.com\/en\/wp-json\/wp\/v2\/users\/1"}],"replies":[{"embeddable":true,"href":"https:\/\/www.dolmelo.com\/en\/wp-json\/wp\/v2\/comments?post=25"}],"version-history":[{"count":2,"href":"https:\/\/www.dolmelo.com\/en\/wp-json\/wp\/v2\/pages\/25\/revisions"}],"predecessor-version":[{"id":266,"href":"https:\/\/www.dolmelo.com\/en\/wp-json\/wp\/v2\/pages\/25\/revisions\/266"}],"wp:attachment":[{"href":"https:\/\/www.dolmelo.com\/en\/wp-json\/wp\/v2\/media?parent=25"}],"curies":[{"name":"wp","href":"https:\/\/api.w.org\/{rel}","templated":true}]}}