{"id":27,"date":"2023-08-16T15:32:37","date_gmt":"2023-08-16T15:32:37","guid":{"rendered":"https:\/\/www.dolmelo.com\/angebot-anfragen\/"},"modified":"2023-08-30T19:21:29","modified_gmt":"2023-08-30T19:21:29","slug":"angebot-anfragen","status":"publish","type":"page","link":"https:\/\/www.dolmelo.com\/it\/richiesta-di-preventivo\/","title":{"rendered":"Richiesta preventivo"},"content":{"rendered":"<section id='' \n                class='helpie-faq accordions faq-toggle custom-styles' \n                data-collection='' \n                data-pagination='0' \n                data-search='0' \n                data-pagination-enabled='0'\n                role='region'\n                aria-label='FAQ Section'\n                aria-live='polite'><article class=\"accordion\"><div class='helpie-faq-row'><div class='helpie-faq-col helpie-faq-col-12' ><ul><li class=\"accordion__item\"><div class=\"accordion__header\" \r\n                id=\"accordion-header-post-151\"\r\n                role=\"button\"\r\n                aria-expanded=\"false\"\r\n                aria-controls=\"accordion-content-post-151\"\r\n                data-id=\"post-151\" \r\n                data-item=\"\" \r\n                style=\"background:transparent;\" \r\n                data-tags=\"\"\r\n                tabindex=\"0\"><div class=\"accordion__title\">Quanto costa una traduzione certificata?<\/div><\/div><div id=\"accordion-content-post-151\" \r\n                class=\"accordion__body\" \r\n                role=\"region\"\r\n                aria-labelledby=\"accordion-header-post-151\"\r\n                style=\"background:transparent;\"><p><span style=\"font-weight: 400\">Le traduzioni certificate vengono addebitate in base a linee standard o come importo forfettario. Il prezzo si basa su vari criteri, come il grado di tecnicit\u00e0, la formattazione e l'urgenza. La preparazione del testo \u00e8 inclusa. Se lo si desidera, posso inviare la traduzione per posta. In questo caso, si aggiungono le spese di spedizione. <\/span><\/p>\n<\/div><\/li><li class=\"accordion__item\"><div class=\"accordion__header\" \r\n                id=\"accordion-header-post-152\"\r\n                role=\"button\"\r\n                aria-expanded=\"false\"\r\n                aria-controls=\"accordion-content-post-152\"\r\n                data-id=\"post-152\" \r\n                data-item=\"\" \r\n                style=\"background:transparent;\" \r\n                data-tags=\"\"\r\n                tabindex=\"0\"><div class=\"accordion__title\">Quanto costa una traduzione senza certificazione?<\/div><\/div><div id=\"accordion-content-post-152\" \r\n                class=\"accordion__body\" \r\n                role=\"region\"\r\n                aria-labelledby=\"accordion-header-post-152\"\r\n                style=\"background:transparent;\"><p><span style=\"font-weight: 400\">Le traduzioni senza certificazione vengono fatturate individualmente per riga standard o, nel caso di alcuni tipi di testo difficili da contare, su base forfettaria. Prima di fare un'offerta concreta, analizzo il vostro documento in base al tipo di testo, alla struttura e all'argomento. Se lo si desidera, offro una correzione di bozze secondo il principio dei quattro occhi.<\/span><\/p>\n<\/div><\/li><li class=\"accordion__item\"><div class=\"accordion__header\" \r\n                id=\"accordion-header-post-153\"\r\n                role=\"button\"\r\n                aria-expanded=\"false\"\r\n                aria-controls=\"accordion-content-post-153\"\r\n                data-id=\"post-153\" \r\n                data-item=\"\" \r\n                style=\"background:transparent;\" \r\n                data-tags=\"\"\r\n                tabindex=\"0\"><div class=\"accordion__title\">Quanto costa prenotare gli interpreti giurati?<\/div><\/div><div id=\"accordion-content-post-153\" \r\n                class=\"accordion__body\" \r\n                role=\"region\"\r\n                aria-labelledby=\"accordion-header-post-153\"\r\n                style=\"background:transparent;\"><p><span style=\"font-weight: 400\">Mi faccio pagare a ore per gli incarichi nell'ambito della giustizia e delle autorit\u00e0 pubbliche, ad esempio presso l'ufficio del registro o del notaio. Il costo copre un'ora di lavoro in loco. Sono inclusi anche i tempi di arrivo e partenza o di attesa. Se l'appuntamento si svolge fuori Berlino, si dovranno sostenere ulteriori costi di viaggio. In caso di incarichi ad alta intensit\u00e0 di preparazione o di prenotazioni al di fuori del normale orario di lavoro, possono sorgere ulteriori costi.<\/span><\/p>\n<\/div><\/li><li class=\"accordion__item\"><div class=\"accordion__header\" \r\n                id=\"accordion-header-post-163\"\r\n                role=\"button\"\r\n                aria-expanded=\"false\"\r\n                aria-controls=\"accordion-content-post-163\"\r\n                data-id=\"post-163\" \r\n                data-item=\"\" \r\n                style=\"background:transparent;\" \r\n                data-tags=\"\"\r\n                tabindex=\"0\"><div class=\"accordion__title\">Che cos'\u00e8 l'interpretazione consecutiva e che cos'\u00e8 l'interpretazione simultanea?<\/div><\/div><div id=\"accordion-content-post-163\" \r\n                class=\"accordion__body\" \r\n                role=\"region\"\r\n                aria-labelledby=\"accordion-header-post-163\"\r\n                style=\"background:transparent;\"><p>Interpretazione consecutiva<span style=\"font-weight: 400\"> non richiede alcuna tecnica, l'oratore fa una pausa dopo alcune frasi in modo che ci\u00f2 che viene detto possa essere trasferito nell'altra lingua dall'interprete.<\/span><\/p>\n<p><span style=\"font-weight: 400\">Gli interpreti utilizzano una tecnica speciale per prendere appunti.<\/span><\/p>\n<p><span style=\"font-weight: 400\">A <\/span>Interpretazione simultanea<span style=\"font-weight: 400\"> viene trasmesso quasi simultaneamente (con qualche secondo di ritardo) nell'altra lingua; per questo \u00e8 necessaria una speciale tecnologia del suono.<\/span><\/p>\n<\/div><\/li><li class=\"accordion__item\"><div class=\"accordion__header\" \r\n                id=\"accordion-header-post-164\"\r\n                role=\"button\"\r\n                aria-expanded=\"false\"\r\n                aria-controls=\"accordion-content-post-164\"\r\n                data-id=\"post-164\" \r\n                data-item=\"\" \r\n                style=\"background:transparent;\" \r\n                data-tags=\"\"\r\n                tabindex=\"0\"><div class=\"accordion__title\">Qual \u00e8 la differenza tra interpretare e tradurre?<\/div><\/div><div id=\"accordion-content-post-164\" \r\n                class=\"accordion__body\" \r\n                role=\"region\"\r\n                aria-labelledby=\"accordion-header-post-164\"\r\n                style=\"background:transparent;\"><p><span style=\"font-weight: 400\">L'interpretazione si riferisce al trasferimento orale da una lingua all'altra, la traduzione allo scritto.<\/span><\/p>\n<\/div><\/li><li class=\"accordion__item\"><div class=\"accordion__header\" \r\n                id=\"accordion-header-post-167\"\r\n                role=\"button\"\r\n                aria-expanded=\"false\"\r\n                aria-controls=\"accordion-content-post-167\"\r\n                data-id=\"post-167\" \r\n                data-item=\"\" \r\n                style=\"background:transparent;\" \r\n                data-tags=\"\"\r\n                tabindex=\"0\"><div class=\"accordion__title\">Per quanto tempo pu\u00f2 tradurre un interprete alla volta e perch\u00e9 ho bisogno di 2 interpreti per la mia conferenza?<\/div><\/div><div id=\"accordion-content-post-167\" \r\n                class=\"accordion__body\" \r\n                role=\"region\"\r\n                aria-labelledby=\"accordion-header-post-167\"\r\n                style=\"background:transparent;\"><p><span style=\"font-weight: 400\">L'interpretazione simultanea richiede la massima concentrazione e costa molta energia. Una persona pu\u00f2 farlo per circa 30 minuti, dopodich\u00e9 deve cambiare ogni volta, altrimenti la concentrazione cala inevitabilmente e con essa la qualit\u00e0 dell'interpretazione.<\/span><\/p>\n<\/div><\/li><\/ul><\/div><\/div><\/article><\/section>","protected":false},"excerpt":{"rendered":"","protected":false},"author":1,"featured_media":0,"parent":0,"menu_order":0,"comment_status":"closed","ping_status":"closed","template":"","meta":{"footnotes":""},"class_list":["post-27","page","type-page","status-publish","hentry"],"yoast_head":"<!-- This site is optimized with the Yoast SEO plugin v27.4 - https:\/\/yoast.com\/product\/yoast-seo-wordpress\/ -->\n<title>Preisanfrage Dolmetschen und \u00dcbersetzen \u2013 Angebot anfragen<\/title>\n<meta name=\"description\" content=\"Sie suchen Dolmetscher oder \u00dcbersetzer? Ich vermittle Ihnen qualifizierte, gepr\u00fcfte Freelancer f\u00fcr jede gew\u00fcnschte Sprachkombination: Hier Kostenanfrage.\" \/>\n<meta name=\"robots\" content=\"index, follow, max-snippet:-1, max-image-preview:large, max-video-preview:-1\" \/>\n<link rel=\"canonical\" href=\"https:\/\/www.dolmelo.com\/it\/richiesta-di-preventivo\/\" \/>\n<meta property=\"og:locale\" content=\"it_IT\" \/>\n<meta property=\"og:type\" content=\"article\" \/>\n<meta property=\"og:title\" content=\"Preisanfrage Dolmetschen und \u00dcbersetzen \u2013 Angebot anfragen\" \/>\n<meta property=\"og:description\" content=\"Sie suchen Dolmetscher oder \u00dcbersetzer? Ich vermittle Ihnen qualifizierte, gepr\u00fcfte Freelancer f\u00fcr jede gew\u00fcnschte Sprachkombination: Hier Kostenanfrage.\" \/>\n<meta property=\"og:url\" content=\"https:\/\/www.dolmelo.com\/it\/richiesta-di-preventivo\/\" \/>\n<meta property=\"og:site_name\" content=\"Dolmetscher und \u00dcbersetzer \u2013 Berlin und deutschlandweit\" \/>\n<meta property=\"article:modified_time\" content=\"2023-08-30T19:21:29+00:00\" \/>\n<meta name=\"twitter:card\" content=\"summary_large_image\" \/>\n<meta name=\"twitter:label1\" content=\"Tempo di lettura stimato\" \/>\n\t<meta name=\"twitter:data1\" content=\"1 minuto\" \/>\n<script type=\"application\/ld+json\" class=\"yoast-schema-graph\">{\"@context\":\"https:\\\/\\\/schema.org\",\"@graph\":[{\"@type\":\"WebPage\",\"@id\":\"https:\\\/\\\/www.dolmelo.com\\\/angebot-anfragen\\\/\",\"url\":\"https:\\\/\\\/www.dolmelo.com\\\/angebot-anfragen\\\/\",\"name\":\"Preisanfrage Dolmetschen und \u00dcbersetzen \u2013 Angebot anfragen\",\"isPartOf\":{\"@id\":\"https:\\\/\\\/www.dolmelo.com\\\/#website\"},\"datePublished\":\"2023-08-16T15:32:37+00:00\",\"dateModified\":\"2023-08-30T19:21:29+00:00\",\"description\":\"Sie suchen Dolmetscher oder \u00dcbersetzer? Ich vermittle Ihnen qualifizierte, gepr\u00fcfte Freelancer f\u00fcr jede gew\u00fcnschte Sprachkombination: Hier Kostenanfrage.\",\"breadcrumb\":{\"@id\":\"https:\\\/\\\/www.dolmelo.com\\\/angebot-anfragen\\\/#breadcrumb\"},\"inLanguage\":\"it-IT\",\"potentialAction\":[{\"@type\":\"ReadAction\",\"target\":[\"https:\\\/\\\/www.dolmelo.com\\\/angebot-anfragen\\\/\"]}]},{\"@type\":\"BreadcrumbList\",\"@id\":\"https:\\\/\\\/www.dolmelo.com\\\/angebot-anfragen\\\/#breadcrumb\",\"itemListElement\":[{\"@type\":\"ListItem\",\"position\":1,\"name\":\"Startseite\",\"item\":\"https:\\\/\\\/www.dolmelo.com\\\/\"},{\"@type\":\"ListItem\",\"position\":2,\"name\":\"Angebot anfragen\"}]},{\"@type\":\"WebSite\",\"@id\":\"https:\\\/\\\/www.dolmelo.com\\\/#website\",\"url\":\"https:\\\/\\\/www.dolmelo.com\\\/\",\"name\":\"Dolmetscher und \u00dcbersetzer \u2013 Berlin und deutschlandweit\",\"description\":\"Wir k\u00f6nnen mehr als dolmetschen und \u00fcbersetzen, weil wir Fremdsprachen nicht nur beherrsche, sondern auch verstehen \u2013 Berlin und deutschlandweit.\",\"publisher\":{\"@id\":\"https:\\\/\\\/www.dolmelo.com\\\/#organization\"},\"potentialAction\":[{\"@type\":\"SearchAction\",\"target\":{\"@type\":\"EntryPoint\",\"urlTemplate\":\"https:\\\/\\\/www.dolmelo.com\\\/?s={search_term_string}\"},\"query-input\":{\"@type\":\"PropertyValueSpecification\",\"valueRequired\":true,\"valueName\":\"search_term_string\"}}],\"inLanguage\":\"it-IT\"},{\"@type\":\"Organization\",\"@id\":\"https:\\\/\\\/www.dolmelo.com\\\/#organization\",\"name\":\"Dolmetscher und \u00dcbersetzer \u2013 Berlin und deutschlandweit\",\"url\":\"https:\\\/\\\/www.dolmelo.com\\\/\",\"logo\":{\"@type\":\"ImageObject\",\"inLanguage\":\"it-IT\",\"@id\":\"https:\\\/\\\/www.dolmelo.com\\\/#\\\/schema\\\/logo\\\/image\\\/\",\"url\":\"https:\\\/\\\/www.dolmelo.com\\\/wp-content\\\/uploads\\\/cropped-Dolmelo-logo-256x256-1.png\",\"contentUrl\":\"https:\\\/\\\/www.dolmelo.com\\\/wp-content\\\/uploads\\\/cropped-Dolmelo-logo-256x256-1.png\",\"width\":256,\"height\":256,\"caption\":\"Dolmetscher und \u00dcbersetzer \u2013 Berlin und deutschlandweit\"},\"image\":{\"@id\":\"https:\\\/\\\/www.dolmelo.com\\\/#\\\/schema\\\/logo\\\/image\\\/\"}}]}<\/script>\n<!-- \/ Yoast SEO plugin. -->","yoast_head_json":{"title":"Richiesta di prezzi per interpretariato e traduzione - Richiesta di preventivo","description":"Siete alla ricerca di interpreti o traduttori? Posso mettervi in contatto con freelance qualificati e collaudati per qualsiasi combinazione linguistica desideriate: richiedete un preventivo qui.","robots":{"index":"index","follow":"follow","max-snippet":"max-snippet:-1","max-image-preview":"max-image-preview:large","max-video-preview":"max-video-preview:-1"},"canonical":"https:\/\/www.dolmelo.com\/it\/richiesta-di-preventivo\/","og_locale":"it_IT","og_type":"article","og_title":"Preisanfrage Dolmetschen und \u00dcbersetzen \u2013 Angebot anfragen","og_description":"Sie suchen Dolmetscher oder \u00dcbersetzer? Ich vermittle Ihnen qualifizierte, gepr\u00fcfte Freelancer f\u00fcr jede gew\u00fcnschte Sprachkombination: Hier Kostenanfrage.","og_url":"https:\/\/www.dolmelo.com\/it\/richiesta-di-preventivo\/","og_site_name":"Dolmetscher und \u00dcbersetzer \u2013 Berlin und deutschlandweit","article_modified_time":"2023-08-30T19:21:29+00:00","twitter_card":"summary_large_image","twitter_misc":{"Tempo di lettura stimato":"1 minuto"},"schema":{"@context":"https:\/\/schema.org","@graph":[{"@type":"WebPage","@id":"https:\/\/www.dolmelo.com\/angebot-anfragen\/","url":"https:\/\/www.dolmelo.com\/angebot-anfragen\/","name":"Richiesta di prezzi per interpretariato e traduzione - Richiesta di preventivo","isPartOf":{"@id":"https:\/\/www.dolmelo.com\/#website"},"datePublished":"2023-08-16T15:32:37+00:00","dateModified":"2023-08-30T19:21:29+00:00","description":"Siete alla ricerca di interpreti o traduttori? Posso mettervi in contatto con freelance qualificati e collaudati per qualsiasi combinazione linguistica desideriate: richiedete un preventivo qui.","breadcrumb":{"@id":"https:\/\/www.dolmelo.com\/angebot-anfragen\/#breadcrumb"},"inLanguage":"it-IT","potentialAction":[{"@type":"ReadAction","target":["https:\/\/www.dolmelo.com\/angebot-anfragen\/"]}]},{"@type":"BreadcrumbList","@id":"https:\/\/www.dolmelo.com\/angebot-anfragen\/#breadcrumb","itemListElement":[{"@type":"ListItem","position":1,"name":"Startseite","item":"https:\/\/www.dolmelo.com\/"},{"@type":"ListItem","position":2,"name":"Angebot anfragen"}]},{"@type":"WebSite","@id":"https:\/\/www.dolmelo.com\/#website","url":"https:\/\/www.dolmelo.com\/","name":"Interpreti e Traduttori \u2013 Berlino e in tutta la Germania","description":"Possiamo fare molto di pi\u00f9 che interpretare e tradurre, perch\u00e9 non solo parliamo le lingue straniere, ma le capiamo anche - a Berlino e in tutta la Germania.","publisher":{"@id":"https:\/\/www.dolmelo.com\/#organization"},"potentialAction":[{"@type":"SearchAction","target":{"@type":"EntryPoint","urlTemplate":"https:\/\/www.dolmelo.com\/?s={search_term_string}"},"query-input":{"@type":"PropertyValueSpecification","valueRequired":true,"valueName":"search_term_string"}}],"inLanguage":"it-IT"},{"@type":"Organization","@id":"https:\/\/www.dolmelo.com\/#organization","name":"Interpreti e Traduttori \u2013 Berlino e in tutta la Germania","url":"https:\/\/www.dolmelo.com\/","logo":{"@type":"ImageObject","inLanguage":"it-IT","@id":"https:\/\/www.dolmelo.com\/#\/schema\/logo\/image\/","url":"https:\/\/www.dolmelo.com\/wp-content\/uploads\/cropped-Dolmelo-logo-256x256-1.png","contentUrl":"https:\/\/www.dolmelo.com\/wp-content\/uploads\/cropped-Dolmelo-logo-256x256-1.png","width":256,"height":256,"caption":"Dolmetscher und \u00dcbersetzer \u2013 Berlin und deutschlandweit"},"image":{"@id":"https:\/\/www.dolmelo.com\/#\/schema\/logo\/image\/"}}]}},"_links":{"self":[{"href":"https:\/\/www.dolmelo.com\/it\/wp-json\/wp\/v2\/pages\/27","targetHints":{"allow":["GET"]}}],"collection":[{"href":"https:\/\/www.dolmelo.com\/it\/wp-json\/wp\/v2\/pages"}],"about":[{"href":"https:\/\/www.dolmelo.com\/it\/wp-json\/wp\/v2\/types\/page"}],"author":[{"embeddable":true,"href":"https:\/\/www.dolmelo.com\/it\/wp-json\/wp\/v2\/users\/1"}],"replies":[{"embeddable":true,"href":"https:\/\/www.dolmelo.com\/it\/wp-json\/wp\/v2\/comments?post=27"}],"version-history":[{"count":2,"href":"https:\/\/www.dolmelo.com\/it\/wp-json\/wp\/v2\/pages\/27\/revisions"}],"predecessor-version":[{"id":150,"href":"https:\/\/www.dolmelo.com\/it\/wp-json\/wp\/v2\/pages\/27\/revisions\/150"}],"wp:attachment":[{"href":"https:\/\/www.dolmelo.com\/it\/wp-json\/wp\/v2\/media?parent=27"}],"curies":[{"name":"wp","href":"https:\/\/api.w.org\/{rel}","templated":true}]}}