{"id":43,"date":"2023-08-22T13:49:29","date_gmt":"2023-08-22T13:49:29","guid":{"rendered":"https:\/\/www.dolmelo.com\/?page_id=43"},"modified":"2023-08-22T13:57:58","modified_gmt":"2023-08-22T13:57:58","slug":"datenschutzerklaerung","status":"publish","type":"page","link":"https:\/\/www.dolmelo.com\/it\/dichiarazione-sulla-protezione-dei-dati\/","title":{"rendered":"Informativa sulla privacy"},"content":{"rendered":"<h1 class=\"wp-block-heading\">Informativa sulla privacy<\/h1>\n\n\n\n<h2 class=\"wp-block-heading\">Avvertenze generali e informazioni obbligatorie<\/h2>\n\n\n\n<h3 class=\"wp-block-heading\">Designazione dell'organismo responsabile<\/h3>\n\n\n\n<p>Il responsabile del trattamento dei dati per questo sito web \u00e8:<\/p>\n\n\n\n<p>Dolmelo<br>Gisela Tantsch<br>Parco Am Treptower 50<br>12435 Berlino<\/p>\n\n\n\n<p>Il responsabile del trattamento decide da solo o insieme ad altri le finalit\u00e0 e i mezzi del trattamento dei dati personali (ad esempio, nomi, dati di contatto o simili).<\/p>\n\n\n\n<h3 class=\"wp-block-heading\">Revoca del consenso al trattamento dei dati<\/h3>\n\n\n\n<p>Alcune operazioni di trattamento dei dati sono possibili solo con il vostro consenso esplicito. Potete revocare il vostro consenso in qualsiasi momento. Per la revoca \u00e8 sufficiente una comunicazione informale via e-mail. La legalit\u00e0 del trattamento dei dati effettuato fino alla revoca rimane inalterata.<\/p>\n\n\n\n<h3 class=\"wp-block-heading\">Diritto di presentare un reclamo all'autorit\u00e0 di vigilanza competente<\/h3>\n\n\n\n<p>In qualit\u00e0 di soggetto interessato, avete il diritto di presentare un reclamo all'autorit\u00e0 di controllo competente in caso di violazione della protezione dei dati. L'autorit\u00e0 di controllo competente in materia di protezione dei dati \u00e8 il commissario statale per la protezione dei dati dello Stato federale in cui si trova la sede legale della nostra azienda. Il seguente link fornisce un elenco dei responsabili della protezione dei dati e i loro dettagli di contatto: <a href=\"https:\/\/www.bfdi.bund.de\/DE\/Infothek\/Anschriften_Links\/anschriften_links-node.html\">Collegamento<\/a><\/p>\n\n\n\n<h3 class=\"wp-block-heading\">Diritto alla portabilit\u00e0 dei dati<\/h3>\n\n\n\n<p>Avete il diritto di ottenere che i dati da noi elaborati automaticamente sulla base del vostro consenso o in adempimento di un contratto vengano consegnati a voi o a terzi. I dati saranno forniti in un formato leggibile a macchina. Se richiedete il trasferimento diretto dei dati a un'altra persona responsabile, ci\u00f2 avverr\u00e0 solo nella misura in cui sia tecnicamente possibile.<\/p>\n\n\n\n<h3 class=\"wp-block-heading\">Diritto all'informazione, alla correzione, al blocco, alla cancellazione<\/h3>\n\n\n\n<p>Nell'ambito delle disposizioni di legge applicabili, avete il diritto di ottenere in qualsiasi momento informazioni gratuite sui vostri dati personali memorizzati, sull'origine dei dati, sui destinatari e sullo scopo del trattamento dei dati e, se del caso, il diritto alla correzione, al blocco o alla cancellazione di tali dati. A questo proposito e anche per ulteriori domande sul tema dei dati personali, potete contattarci in qualsiasi momento tramite le opzioni di contatto elencate nell'impronta.<\/p>\n\n\n\n<h3 class=\"wp-block-heading\">Crittografia SSL o TLS<\/h3>\n\n\n\n<p>Per motivi di sicurezza e per proteggere la trasmissione di contenuti riservati che ci inviate in qualit\u00e0 di gestori del sito, il nostro sito web utilizza la crittografia SSL o TLS. Ci\u00f2 significa che i dati trasmessi tramite questo sito web non possono essere letti da terzi. Una connessione criptata \u00e8 riconoscibile dalla riga dell'indirizzo \"https:\/\/\" del browser e dal simbolo del lucchetto nella riga del browser.<\/p>\n\n\n\n<h2 class=\"wp-block-heading\">File di log del server<\/h2>\n\n\n\n<p>Nei file di log del server, il provider del sito web raccoglie e memorizza automaticamente le informazioni che il vostro browser ci trasmette automaticamente. Queste sono:<\/p>\n\n\n\n<ul class=\"wp-block-list\">\n<li>Pagina visitata sul nostro dominio<\/li>\n\n\n\n<li>Data e ora della richiesta del server<\/li>\n\n\n\n<li>Tipo e versione del browser<\/li>\n\n\n\n<li>Sistema operativo utilizzato<\/li>\n\n\n\n<li>URL di riferimento<\/li>\n\n\n\n<li>Nome host del computer di accesso<\/li>\n\n\n\n<li>Indirizzo IP<\/li>\n<\/ul>\n\n\n\n<p>Questi dati non vengono uniti ad altre fonti di dati. Il trattamento dei dati si basa sull'art. 6 comma 1 lett. b DSGVO, che consente il trattamento dei dati per l'adempimento di un contratto o di misure precontrattuali.<\/p>\n\n\n\n<h2 class=\"wp-block-heading\">Modulo di contatto<\/h2>\n\n\n\n<p>I dati trasmessi tramite il modulo di contatto, compresi i vostri dati di contatto, vengono memorizzati per poter elaborare la vostra richiesta o per essere disponibili per domande successive. Questi dati non verranno trasmessi senza il vostro consenso.<\/p>\n\n\n\n<p>I dati inseriti nel modulo di contatto vengono trattati esclusivamente sulla base del vostro consenso (art. 6 cpv. 1 lett. a DSGVO). Potete revocare il vostro consenso in qualsiasi momento. Per la revoca \u00e8 sufficiente una comunicazione informale via e-mail. La legalit\u00e0 delle operazioni di trattamento dei dati effettuate fino alla revoca rimane inalterata.<\/p>\n\n\n\n<p>I dati trasmessi tramite il modulo di contatto rimarranno presso di noi fino a quando l'utente non ne richieder\u00e0 la cancellazione, non revocher\u00e0 il consenso alla loro memorizzazione o non sar\u00e0 pi\u00f9 necessario memorizzarli. Le disposizioni di legge obbligatorie, in particolare i periodi di conservazione, rimangono inalterate.<\/p>\n\n\n\n<h2 class=\"wp-block-heading\">Biscotti<\/h2>\n\n\n\n<p>Il nostro sito web utilizza i cookie. Si tratta di piccoli file di testo che il vostro browser web memorizza sul vostro terminale. I cookie ci aiutano a rendere il nostro sito web pi\u00f9 facile da usare, efficace e sicuro.<\/p>\n\n\n\n<p>Alcuni cookie sono \"cookie di sessione\". Tali cookie vengono eliminati automaticamente al termine della sessione del browser. Altri cookie, invece, rimangono sul vostro terminale finch\u00e9 non li cancellate voi stessi. Questi cookie ci aiutano a riconoscervi quando tornate sul nostro sito web.<\/p>\n\n\n\n<p>Con un moderno browser Web \u00e8 possibile monitorare, limitare o impedire l'impostazione dei cookie. Molti browser web possono essere configurati in modo da eliminare automaticamente i cookie alla chiusura del programma. La disattivazione dei cookie pu\u00f2 comportare una funzionalit\u00e0 limitata del nostro sito web.<\/p>\n\n\n\n<p>L'impostazione dei cookie, necessaria per l'esercizio dei processi di comunicazione elettronica o per la fornitura di determinate funzioni desiderate dall'utente (ad es. carrello della spesa), si basa sull'art. 6 comma 1 lett. f DSGVO. In qualit\u00e0 di gestore di questo sito web, abbiamo un interesse legittimo a memorizzare i cookie per una fornitura tecnicamente priva di errori e senza intoppi dei nostri servizi. Se vengono impostati altri cookie (ad es. per funzioni di analisi), questi vengono trattati separatamente nella presente dichiarazione sulla protezione dei dati.<\/p>\n\n\n\n<h2 class=\"wp-block-heading\">Google Analytics<\/h2>\n\n\n\n<h3 class=\"wp-block-heading\">Natura e ambito del trattamento<\/h3>\n\n\n\n<p>Utilizziamo Google Analytics di Google Ireland Limited, Gordon House, Barrow Street, Dublino 4, Irlanda, come servizio di analisi per la valutazione statistica della nostra offerta online. Ci\u00f2 include, ad esempio, il numero di visualizzazioni della nostra offerta online, le sottopagine visitate e la durata del soggiorno dei visitatori. Google Analytics utilizza i cookie e altre tecnologie del browser per valutare il comportamento degli utenti e riconoscerli. Queste informazioni vengono utilizzate, tra l'altro, per redigere rapporti sull'attivit\u00e0 del sito web.<\/p>\n\n\n\n<h3 class=\"wp-block-heading\">Scopo e base giuridica<\/h3>\n\n\n\n<p>L'utilizzo di Google Analytics si basa sul vostro consenso ai sensi dell'art. 6 comma 1 lett. a. DSGVO e \u00a7 25 comma 1 TTDSG.<\/p>\n\n\n\n<p>Intendiamo trasferire i dati personali in paesi terzi al di fuori dello Spazio Economico Europeo, in particolare negli Stati Uniti. Nei casi in cui non esiste una decisione di adeguatezza della Commissione europea (ad esempio negli Stati Uniti), abbiamo concordato con i destinatari dei dati altre garanzie adeguate ai sensi dell'art. 44 e segg. DSGVO. Si tratta - se non diversamente indicato - di clausole contrattuali standard della Commissione UE ai sensi della Decisione di esecuzione (UE) 2021\/914 del 4 giugno 2021. \u00c8 possibile ottenere una copia di tali clausole contrattuali standard all'indirizzo <a href=\"https:\/\/eur-lex.europa.eu\/legal-content\/DE\/TXT\/HTML\/?uri=CELEX:32021D0914&amp;from=DE\">https:\/\/eur-lex.europa.eu\/legal-content\/DE\/TXT\/HTML\/?uri=CELEX:32021D0914&amp;from=DE<\/a> vista.<\/p>\n\n\n\n<p>Inoltre, prima di tale trasferimento da parte di un paese terzo, otteniamo il vostro consenso ai sensi dell'Art. 49 Para. 1 Sentenza 1 lit. a. DSGVO, che ci fornite tramite il consenso nel Gestore dei consensi (o altri moduli, registrazioni, ecc.). Desideriamo sottolineare che, nel caso di trasferimenti da paesi terzi, possono sussistere rischi sconosciuti nel dettaglio (ad esempio, l'elaborazione dei dati da parte delle autorit\u00e0 di sicurezza del paese terzo, di cui non conosciamo l'esatta portata e le conseguenze per voi, su cui non abbiamo alcuna influenza e di cui potreste non venire a conoscenza).<\/p>\n\n\n\n<h3 class=\"wp-block-heading\">Periodo di stoccaggio<\/h3>\n\n\n\n<p>Il periodo di conservazione concreto dei dati elaborati non pu\u00f2 essere influenzato da noi, ma \u00e8 determinato da Google Ireland Limited. Ulteriori informazioni sono disponibili nell'informativa sulla privacy di Google Analytics: <a href=\"https:\/\/policies.google.com\/privacy\">https:\/\/policies.google.com\/privacy<\/a>.<\/p>\n\n\n\n<p><small>Fonte: Configuratore di protezione dei dati da <a href=\"https:\/\/www.mein-datenschutzbeauftragter.de\" target=\"_blank\" rel=\"noreferrer noopener\">Il mio commissario per la privacy.com<\/a><\/small><\/p>","protected":false},"excerpt":{"rendered":"<p>Datenschutzerkl\u00e4rung Allgemeiner Hinweis und Pflichtinformationen Benennung der verantwortlichen Stelle Die verantwortliche Stelle f\u00fcr die Datenverarbeitung auf dieser Website ist: DolmeloGisela TantschAm Treptower Park 5012435 Berlin Die verantwortliche Stelle entscheidet allein oder gemeinsam mit anderen \u00fcber die Zwecke und Mittel der Verarbeitung von personenbezogenen Daten (z.B. Namen, Kontaktdaten o. \u00c4.). Widerruf Ihrer Einwilligung zur Datenverarbeitung Nur [&hellip;]<\/p>\n","protected":false},"author":1,"featured_media":0,"parent":0,"menu_order":0,"comment_status":"closed","ping_status":"closed","template":"","meta":{"footnotes":""},"class_list":["post-43","page","type-page","status-publish","hentry"],"yoast_head":"<!-- This site is optimized with the Yoast SEO plugin v27.4 - https:\/\/yoast.com\/product\/yoast-seo-wordpress\/ -->\n<title>Impressun \/ Datenschutzerkl\u00e4rung - Dolmetscher und \u00dcbersetzer \u2013 Berlin und deutschlandweit<\/title>\n<meta name=\"robots\" content=\"index, follow, max-snippet:-1, max-image-preview:large, max-video-preview:-1\" \/>\n<link rel=\"canonical\" href=\"https:\/\/www.dolmelo.com\/it\/dichiarazione-sulla-protezione-dei-dati\/\" \/>\n<meta property=\"og:locale\" content=\"it_IT\" \/>\n<meta property=\"og:type\" content=\"article\" \/>\n<meta property=\"og:title\" content=\"Impressun \/ Datenschutzerkl\u00e4rung - Dolmetscher und \u00dcbersetzer \u2013 Berlin und deutschlandweit\" \/>\n<meta property=\"og:description\" content=\"Datenschutzerkl\u00e4rung Allgemeiner Hinweis und Pflichtinformationen Benennung der verantwortlichen Stelle Die verantwortliche Stelle f\u00fcr die Datenverarbeitung auf dieser Website ist: DolmeloGisela TantschAm Treptower Park 5012435 Berlin Die verantwortliche Stelle entscheidet allein oder gemeinsam mit anderen \u00fcber die Zwecke und Mittel der Verarbeitung von personenbezogenen Daten (z.B. Namen, Kontaktdaten o. \u00c4.). Widerruf Ihrer Einwilligung zur Datenverarbeitung Nur [&hellip;]\" \/>\n<meta property=\"og:url\" content=\"https:\/\/www.dolmelo.com\/it\/dichiarazione-sulla-protezione-dei-dati\/\" \/>\n<meta property=\"og:site_name\" content=\"Dolmetscher und \u00dcbersetzer \u2013 Berlin und deutschlandweit\" \/>\n<meta property=\"article:modified_time\" content=\"2023-08-22T13:57:58+00:00\" \/>\n<meta name=\"twitter:card\" content=\"summary_large_image\" \/>\n<meta name=\"twitter:label1\" content=\"Tempo di lettura stimato\" \/>\n\t<meta name=\"twitter:data1\" content=\"5 minuti\" \/>\n<script type=\"application\/ld+json\" class=\"yoast-schema-graph\">{\"@context\":\"https:\\\/\\\/schema.org\",\"@graph\":[{\"@type\":\"WebPage\",\"@id\":\"https:\\\/\\\/www.dolmelo.com\\\/datenschutzerklaerung\\\/\",\"url\":\"https:\\\/\\\/www.dolmelo.com\\\/datenschutzerklaerung\\\/\",\"name\":\"Impressun \\\/ Datenschutzerkl\u00e4rung - Dolmetscher und \u00dcbersetzer \u2013 Berlin und deutschlandweit\",\"isPartOf\":{\"@id\":\"https:\\\/\\\/www.dolmelo.com\\\/#website\"},\"datePublished\":\"2023-08-22T13:49:29+00:00\",\"dateModified\":\"2023-08-22T13:57:58+00:00\",\"breadcrumb\":{\"@id\":\"https:\\\/\\\/www.dolmelo.com\\\/datenschutzerklaerung\\\/#breadcrumb\"},\"inLanguage\":\"it-IT\",\"potentialAction\":[{\"@type\":\"ReadAction\",\"target\":[\"https:\\\/\\\/www.dolmelo.com\\\/datenschutzerklaerung\\\/\"]}]},{\"@type\":\"BreadcrumbList\",\"@id\":\"https:\\\/\\\/www.dolmelo.com\\\/datenschutzerklaerung\\\/#breadcrumb\",\"itemListElement\":[{\"@type\":\"ListItem\",\"position\":1,\"name\":\"Startseite\",\"item\":\"https:\\\/\\\/www.dolmelo.com\\\/\"},{\"@type\":\"ListItem\",\"position\":2,\"name\":\"Impressun \\\/ Datenschutzerkl\u00e4rung\"}]},{\"@type\":\"WebSite\",\"@id\":\"https:\\\/\\\/www.dolmelo.com\\\/#website\",\"url\":\"https:\\\/\\\/www.dolmelo.com\\\/\",\"name\":\"Dolmetscher und \u00dcbersetzer \u2013 Berlin und deutschlandweit\",\"description\":\"Wir k\u00f6nnen mehr als dolmetschen und \u00fcbersetzen, weil wir Fremdsprachen nicht nur beherrsche, sondern auch verstehen \u2013 Berlin und deutschlandweit.\",\"publisher\":{\"@id\":\"https:\\\/\\\/www.dolmelo.com\\\/#organization\"},\"potentialAction\":[{\"@type\":\"SearchAction\",\"target\":{\"@type\":\"EntryPoint\",\"urlTemplate\":\"https:\\\/\\\/www.dolmelo.com\\\/?s={search_term_string}\"},\"query-input\":{\"@type\":\"PropertyValueSpecification\",\"valueRequired\":true,\"valueName\":\"search_term_string\"}}],\"inLanguage\":\"it-IT\"},{\"@type\":\"Organization\",\"@id\":\"https:\\\/\\\/www.dolmelo.com\\\/#organization\",\"name\":\"Dolmetscher und \u00dcbersetzer \u2013 Berlin und deutschlandweit\",\"url\":\"https:\\\/\\\/www.dolmelo.com\\\/\",\"logo\":{\"@type\":\"ImageObject\",\"inLanguage\":\"it-IT\",\"@id\":\"https:\\\/\\\/www.dolmelo.com\\\/#\\\/schema\\\/logo\\\/image\\\/\",\"url\":\"https:\\\/\\\/www.dolmelo.com\\\/wp-content\\\/uploads\\\/cropped-Dolmelo-logo-256x256-1.png\",\"contentUrl\":\"https:\\\/\\\/www.dolmelo.com\\\/wp-content\\\/uploads\\\/cropped-Dolmelo-logo-256x256-1.png\",\"width\":256,\"height\":256,\"caption\":\"Dolmetscher und \u00dcbersetzer \u2013 Berlin und deutschlandweit\"},\"image\":{\"@id\":\"https:\\\/\\\/www.dolmelo.com\\\/#\\\/schema\\\/logo\\\/image\\\/\"}}]}<\/script>\n<!-- \/ Yoast SEO plugin. -->","yoast_head_json":{"title":"Impressun \/ Datenschutzerkl\u00e4rung - Dolmetscher und \u00dcbersetzer \u2013 Berlin und deutschlandweit","robots":{"index":"index","follow":"follow","max-snippet":"max-snippet:-1","max-image-preview":"max-image-preview:large","max-video-preview":"max-video-preview:-1"},"canonical":"https:\/\/www.dolmelo.com\/it\/dichiarazione-sulla-protezione-dei-dati\/","og_locale":"it_IT","og_type":"article","og_title":"Impressun \/ Datenschutzerkl\u00e4rung - Dolmetscher und \u00dcbersetzer \u2013 Berlin und deutschlandweit","og_description":"Datenschutzerkl\u00e4rung Allgemeiner Hinweis und Pflichtinformationen Benennung der verantwortlichen Stelle Die verantwortliche Stelle f\u00fcr die Datenverarbeitung auf dieser Website ist: DolmeloGisela TantschAm Treptower Park 5012435 Berlin Die verantwortliche Stelle entscheidet allein oder gemeinsam mit anderen \u00fcber die Zwecke und Mittel der Verarbeitung von personenbezogenen Daten (z.B. Namen, Kontaktdaten o. \u00c4.). Widerruf Ihrer Einwilligung zur Datenverarbeitung Nur [&hellip;]","og_url":"https:\/\/www.dolmelo.com\/it\/dichiarazione-sulla-protezione-dei-dati\/","og_site_name":"Dolmetscher und \u00dcbersetzer \u2013 Berlin und deutschlandweit","article_modified_time":"2023-08-22T13:57:58+00:00","twitter_card":"summary_large_image","twitter_misc":{"Tempo di lettura stimato":"5 minuti"},"schema":{"@context":"https:\/\/schema.org","@graph":[{"@type":"WebPage","@id":"https:\/\/www.dolmelo.com\/datenschutzerklaerung\/","url":"https:\/\/www.dolmelo.com\/datenschutzerklaerung\/","name":"Impressun \/ Datenschutzerkl\u00e4rung - Dolmetscher und \u00dcbersetzer \u2013 Berlin und deutschlandweit","isPartOf":{"@id":"https:\/\/www.dolmelo.com\/#website"},"datePublished":"2023-08-22T13:49:29+00:00","dateModified":"2023-08-22T13:57:58+00:00","breadcrumb":{"@id":"https:\/\/www.dolmelo.com\/datenschutzerklaerung\/#breadcrumb"},"inLanguage":"it-IT","potentialAction":[{"@type":"ReadAction","target":["https:\/\/www.dolmelo.com\/datenschutzerklaerung\/"]}]},{"@type":"BreadcrumbList","@id":"https:\/\/www.dolmelo.com\/datenschutzerklaerung\/#breadcrumb","itemListElement":[{"@type":"ListItem","position":1,"name":"Startseite","item":"https:\/\/www.dolmelo.com\/"},{"@type":"ListItem","position":2,"name":"Impressun \/ Datenschutzerkl\u00e4rung"}]},{"@type":"WebSite","@id":"https:\/\/www.dolmelo.com\/#website","url":"https:\/\/www.dolmelo.com\/","name":"Interpreti e Traduttori \u2013 Berlino e in tutta la Germania","description":"Possiamo fare molto di pi\u00f9 che interpretare e tradurre, perch\u00e9 non solo parliamo le lingue straniere, ma le capiamo anche - a Berlino e in tutta la Germania.","publisher":{"@id":"https:\/\/www.dolmelo.com\/#organization"},"potentialAction":[{"@type":"SearchAction","target":{"@type":"EntryPoint","urlTemplate":"https:\/\/www.dolmelo.com\/?s={search_term_string}"},"query-input":{"@type":"PropertyValueSpecification","valueRequired":true,"valueName":"search_term_string"}}],"inLanguage":"it-IT"},{"@type":"Organization","@id":"https:\/\/www.dolmelo.com\/#organization","name":"Interpreti e Traduttori \u2013 Berlino e in tutta la Germania","url":"https:\/\/www.dolmelo.com\/","logo":{"@type":"ImageObject","inLanguage":"it-IT","@id":"https:\/\/www.dolmelo.com\/#\/schema\/logo\/image\/","url":"https:\/\/www.dolmelo.com\/wp-content\/uploads\/cropped-Dolmelo-logo-256x256-1.png","contentUrl":"https:\/\/www.dolmelo.com\/wp-content\/uploads\/cropped-Dolmelo-logo-256x256-1.png","width":256,"height":256,"caption":"Dolmetscher und \u00dcbersetzer \u2013 Berlin und deutschlandweit"},"image":{"@id":"https:\/\/www.dolmelo.com\/#\/schema\/logo\/image\/"}}]}},"_links":{"self":[{"href":"https:\/\/www.dolmelo.com\/it\/wp-json\/wp\/v2\/pages\/43","targetHints":{"allow":["GET"]}}],"collection":[{"href":"https:\/\/www.dolmelo.com\/it\/wp-json\/wp\/v2\/pages"}],"about":[{"href":"https:\/\/www.dolmelo.com\/it\/wp-json\/wp\/v2\/types\/page"}],"author":[{"embeddable":true,"href":"https:\/\/www.dolmelo.com\/it\/wp-json\/wp\/v2\/users\/1"}],"replies":[{"embeddable":true,"href":"https:\/\/www.dolmelo.com\/it\/wp-json\/wp\/v2\/comments?post=43"}],"version-history":[{"count":3,"href":"https:\/\/www.dolmelo.com\/it\/wp-json\/wp\/v2\/pages\/43\/revisions"}],"predecessor-version":[{"id":49,"href":"https:\/\/www.dolmelo.com\/it\/wp-json\/wp\/v2\/pages\/43\/revisions\/49"}],"wp:attachment":[{"href":"https:\/\/www.dolmelo.com\/it\/wp-json\/wp\/v2\/media?parent=43"}],"curies":[{"name":"wp","href":"https:\/\/api.w.org\/{rel}","templated":true}]}}